{"id":467,"date":"2023-09-05T18:52:03","date_gmt":"2023-09-05T18:52:03","guid":{"rendered":"https:\/\/texline.com.co\/?post_type=product&#038;p=467"},"modified":"2023-09-07T19:06:24","modified_gmt":"2023-09-07T19:06:24","slug":"arnes-toracico","status":"publish","type":"product","link":"https:\/\/texline.com.co\/index.php\/product\/arnes-toracico\/","title":{"rendered":"Arn\u00e9s Silla de Ruedas Tor\u00e1cico Negro"},"content":{"rendered":"<p>El arn\u00e9s tor\u00e1cico ayuda a garantizar la seguridad del paciente, producto para silla de ruedas.<\/p>\n","protected":false},"excerpt":{"rendered":"<p>El arn\u00e9s tor\u00e1cico ayuda a garantizar la seguridad del paciente, producto para silla de ruedas.<\/p>\n","protected":false},"featured_media":468,"template":"","meta":{"om_disable_all_campaigns":false,"_mi_skip_tracking":false,"_monsterinsights_sitenote_active":false,"_monsterinsights_sitenote_note":"","_monsterinsights_sitenote_category":0},"product_cat":[22],"product_tag":[],"class_list":["post-467","product","type-product","status-publish","has-post-thumbnail","hentry","product_cat-ortopedia-fisioterapia"],"aioseo_notices":[],"_links":{"self":[{"href":"https:\/\/texline.com.co\/index.php\/wp-json\/wp\/v2\/product\/467","targetHints":{"allow":["GET"]}}],"collection":[{"href":"https:\/\/texline.com.co\/index.php\/wp-json\/wp\/v2\/product"}],"about":[{"href":"https:\/\/texline.com.co\/index.php\/wp-json\/wp\/v2\/types\/product"}],"wp:featuredmedia":[{"embeddable":true,"href":"https:\/\/texline.com.co\/index.php\/wp-json\/wp\/v2\/media\/468"}],"wp:attachment":[{"href":"https:\/\/texline.com.co\/index.php\/wp-json\/wp\/v2\/media?parent=467"}],"wp:term":[{"taxonomy":"product_cat","embeddable":true,"href":"https:\/\/texline.com.co\/index.php\/wp-json\/wp\/v2\/product_cat?post=467"},{"taxonomy":"product_tag","embeddable":true,"href":"https:\/\/texline.com.co\/index.php\/wp-json\/wp\/v2\/product_tag?post=467"}],"curies":[{"name":"wp","href":"https:\/\/api.w.org\/{rel}","templated":true}]}}